{"id":29771,"date":"2024-10-23T13:04:52","date_gmt":"2024-10-23T13:04:52","guid":{"rendered":"https:\/\/daphne.sk\/?post_type=product&#038;p=29771"},"modified":"2025-09-12T09:22:52","modified_gmt":"2025-09-12T09:22:52","slug":"samolepky-les","status":"publish","type":"product","link":"https:\/\/daphne.sk\/de\/e-shop\/samolepky-les\/","title":{"rendered":"Samolepky - Les"},"content":{"rendered":"<p>Ilustrovan\u00e9 samolepky\u00a0 lesn\u00fdch druhov do va\u0161ich z\u00e1pisn\u00edkov, albumov a kreat\u00edvnych projektov. Vytla\u010den\u00e9 na Slovensku, papier\/A5.<\/p>\n<p>&nbsp;<\/p>\n<p>Pozost\u00e1va z 11 druhov:<\/p>\n<ul>\n<li>salamandra \u0161kvrnit\u00e1, fuz\u00e1\u010d alpsk\u00fd, srnec lesn\u00fd, jazvec lesn\u00fd, l\u00ed\u0161ka hrdzav\u00e1, kuna lesn\u00e1, s\u00fdkorka ve\u013ek\u00e1, tes\u00e1r \u010dierny, hr\u00edb dubov\u00fd, dub zimn\u00fd a buk lesn\u00fd.<\/li>\n<\/ul>\n<p>&nbsp;<\/p>\n<p><strong>Sadu samolepiek<\/strong>\u00a0mot\u00fd\u013eov. vt\u00e1kov a lesa si zak\u00fapite\u00a0<strong>za zv\u00fdhodnen\u00fa cenu<\/strong>\u00a0<a href=\"https:\/\/daphne.sk\/e-shop\/sada-samolepky-motyle-vtaky-a-les\/\">TU<\/a>.<\/p>\n","protected":false},"excerpt":{"rendered":"<p>Ilustrovan\u00e9 samolepky\u00a0 lesn\u00fdch druhov do va\u0161ich z\u00e1pisn\u00edkov, albumov a kreat\u00edvnych projektov. Vytla\u010den\u00e9 na Slovensku, papier\/A5.<\/p>\n<p>&nbsp;<\/p>\n<p>Pozost\u00e1va z 11 druhov:<\/p>\n<ul>\n<li>salamandra \u0161kvrnit\u00e1, fuz\u00e1\u010d alpsk\u00fd, srnec lesn\u00fd, jazvec lesn\u00fd, l\u00ed\u0161ka hrdzav\u00e1, kuna lesn\u00e1, s\u00fdkorka ve\u013ek\u00e1, tes\u00e1r \u010dierny, hr\u00edb dubov\u00fd, dub zimn\u00fd a buk lesn\u00fd.<\/li>\n<\/ul>\n<p>&nbsp;<\/p>\n<p><strong>Sadu samolepiek<\/strong>\u00a0mot\u00fd\u013eov. vt\u00e1kov a lesa si zak\u00fapite\u00a0<strong>za zv\u00fdhodnen\u00fa cenu<\/strong>\u00a0<a href=\"https:\/\/daphne.sk\/e-shop\/sada-samolepky-motyle-vtaky-a-les\/\">TU<\/a>.<\/p>\n","protected":false},"featured_media":29762,"comment_status":"closed","ping_status":"closed","template":"","meta":{"_uag_custom_page_level_css":""},"product_brand":[],"product_cat":[21],"product_tag":[],"class_list":{"0":"post-29771","1":"product","2":"type-product","3":"status-publish","4":"has-post-thumbnail","6":"product_cat-vzdelavacie-vychytavky","8":"first","9":"instock","10":"purchasable","11":"product-type-simple"},"uagb_featured_image_src":{"full":["https:\/\/daphne.sk\/wp-content\/uploads\/2024\/10\/SAMOLEPKY-1.jpg",1920,1920,false],"thumbnail":["https:\/\/daphne.sk\/wp-content\/uploads\/2024\/10\/SAMOLEPKY-1-150x150.jpg",150,150,true],"medium":["https:\/\/daphne.sk\/wp-content\/uploads\/2024\/10\/SAMOLEPKY-1-300x300.jpg",300,300,true],"medium_large":["https:\/\/daphne.sk\/wp-content\/uploads\/2024\/10\/SAMOLEPKY-1-768x768.jpg",768,768,true],"large":["https:\/\/daphne.sk\/wp-content\/uploads\/2024\/10\/SAMOLEPKY-1-1024x1024.jpg",1024,1024,true],"1536x1536":["https:\/\/daphne.sk\/wp-content\/uploads\/2024\/10\/SAMOLEPKY-1-1536x1536.jpg",1536,1536,true],"2048x2048":["https:\/\/daphne.sk\/wp-content\/uploads\/2024\/10\/SAMOLEPKY-1.jpg",1920,1920,false],"woocommerce_thumbnail":["https:\/\/daphne.sk\/wp-content\/uploads\/2024\/10\/SAMOLEPKY-1-450x450.jpg",450,450,true]},"uagb_author_info":{"display_name":"M\u00e1ria Filov\u00e1","author_link":"https:\/\/daphne.sk\/de\/author\/"},"uagb_comment_info":0,"uagb_excerpt":"Ilustrovan\u00e9 samolepky\u00a0 lesn\u00fdch druhov do va\u0161ich z\u00e1pisn\u00edkov, albumov a kreat\u00edvnych projektov. Vytla\u010den\u00e9 na Slovensku, papier\/A5. &nbsp; Pozost\u00e1va z 11 druhov: salamandra \u0161kvrnit\u00e1, fuz\u00e1\u010d alpsk\u00fd, srnec lesn\u00fd, jazvec lesn\u00fd, l\u00ed\u0161ka hrdzav\u00e1, kuna lesn\u00e1, s\u00fdkorka ve\u013ek\u00e1, tes\u00e1r \u010dierny, hr\u00edb dubov\u00fd, dub zimn\u00fd a buk lesn\u00fd. &nbsp; Sadu samolepiek\u00a0mot\u00fd\u013eov. vt\u00e1kov a lesa si zak\u00fapite\u00a0za zv\u00fdhodnen\u00fa cenu\u00a0TU.","jetpack_sharing_enabled":true,"meta_box":[],"_links":{"self":[{"href":"https:\/\/daphne.sk\/de\/wp-json\/wp\/v2\/product\/29771","targetHints":{"allow":["GET"]}}],"collection":[{"href":"https:\/\/daphne.sk\/de\/wp-json\/wp\/v2\/product"}],"about":[{"href":"https:\/\/daphne.sk\/de\/wp-json\/wp\/v2\/types\/product"}],"replies":[{"embeddable":true,"href":"https:\/\/daphne.sk\/de\/wp-json\/wp\/v2\/comments?post=29771"}],"wp:featuredmedia":[{"embeddable":true,"href":"https:\/\/daphne.sk\/de\/wp-json\/wp\/v2\/media\/29762"}],"wp:attachment":[{"href":"https:\/\/daphne.sk\/de\/wp-json\/wp\/v2\/media?parent=29771"}],"wp:term":[{"taxonomy":"product_brand","embeddable":true,"href":"https:\/\/daphne.sk\/de\/wp-json\/wp\/v2\/product_brand?post=29771"},{"taxonomy":"product_cat","embeddable":true,"href":"https:\/\/daphne.sk\/de\/wp-json\/wp\/v2\/product_cat?post=29771"},{"taxonomy":"product_tag","embeddable":true,"href":"https:\/\/daphne.sk\/de\/wp-json\/wp\/v2\/product_tag?post=29771"}],"curies":[{"name":"wp","href":"https:\/\/api.w.org\/{rel}","templated":true}]}}