{"id":30058,"date":"2024-12-09T09:50:33","date_gmt":"2024-12-09T09:50:33","guid":{"rendered":"https:\/\/daphne.sk\/?post_type=product&#038;p=30058"},"modified":"2025-02-26T07:28:43","modified_gmt":"2025-02-26T07:28:43","slug":"1-denne-tabory-na-kamziku-streda-26-2-2025","status":"publish","type":"product","link":"https:\/\/daphne.sk\/de\/e-shop\/1-denne-tabory-na-kamziku-streda-26-2-2025\/","title":{"rendered":"1-denn\u00e9 t\u00e1bory na Kamz\u00edku - streda 26.2.2025"},"content":{"rendered":"\r\n<p>H\u013ead\u00e1te zmyslupln\u00fd program pre Va\u0161e die\u0165a po\u010das pr\u00e1zdnin? Prihl\u00e1ste ho do denn\u00e9ho t\u00e1bora na Kamz\u00edku.<\/p>\r\n\r\n\r\n\r\n<p><strong>\u010co pon\u00fakame?<\/strong><\/p>\r\n\r\n\r\n\r\n<ul class=\"wp-block-list\">\r\n<li>Spolo\u010dn\u00e9 objavovanie zimnej pr\u00edrody a jej praktick\u00fa ochranu (pod\u013ea po\u010dasia).<\/li>\r\n<li>Z\u00edskanie nov\u00fdch zru\u010dnost\u00ed (napr. pr\u00e1ca s mikroskopom a buzolou).<\/li>\r\n<li>Pestr\u00e9 aktivity a pr\u00e1cu s rozmanit\u00fdmi pom\u00f4ckami (dreven\u00e9 puzzle) a pr\u00edrodninami (par\u00f4\u017eky, vt\u00e1\u010die pierka).<\/li>\r\n<li>Pr\u00edjemn\u00e9 z\u00e1zemie, sk\u00fasen\u00fdch lektorov a hrav\u00e9 vzdel\u00e1vanie \ud83d\ude0a<\/li>\r\n<\/ul>\r\n\r\n\r\n\r\n<p><strong>Kedy a kde? <\/strong>Stredu 26.2.2025\u00a0 v \u010dase od 8:00 do 16:00 v novom Centre ekov\u00fdchovy na Kamz\u00edku, Kamz\u00edkov vrch 12272, 83101 Bratislava - Nov\u00e9 Mesto.<\/p>\r\n\r\n\r\n\r\n<p><strong>Kto s\u00fa lektori? <\/strong>Sk\u00fasen\u00ed lektori a lektorky In\u0161tit\u00fatu DAPHNE, ktor\u00ed ved\u00fa aj na\u0161e ekov\u00fdchovn\u00e9 programy a exkurzie. Pre koho je t\u00e1bor ur\u010den\u00fd? Pre v\u0161etk\u00fdch mlad\u00fdch nad\u0161encov pr\u00edrody vo veku od 7 do 10 rokov.<\/p>\r\n\r\n\r\n\r\n<p><strong>Cena? <\/strong>Cena za de\u0148 je 40 Eur. Cena zah\u0155\u0148a program spojen\u00fd s pobytom v pr\u00edrode resp. v Centre ekov\u00fdchovy na Kamz\u00edku, obed a pitn\u00fd re\u017eim.<\/p>\r\n\r\n\r\n\r\n<p>Kontakt : kamzik@daphne.sk T\u00e1bor otvor\u00edme v pr\u00edpade, ak budeme ma\u0165 minim\u00e1lne 11 prihl\u00e1sen\u00fdch det\u00ed. Te\u0161\u00edme sa na v\u0161etk\u00fdch mlad\u00fdch ochrancov pr\u00edrody.<\/p>\r\n\r\n\r\n\r\n<figure class=\"wp-block-gallery has-nested-images columns-default is-cropped wp-block-gallery-1 is-layout-flex wp-block-gallery-is-layout-flex\">\r\n\r\n\r\n\r\n\r\n\r\n\r\n\r\n\r\n\r\n\r\n\r\n\r\n\r\n\r\n\r\n\r\n\r\n\r\n\r\n\r\n\r\n\r\n\r\n\r\n\r\n\r\n\r\n\r\n\r\n\r\n\r\n\r\n\r\n\r\n\r\n\r\n\r\n<\/figure>\r\n","protected":false},"excerpt":{"rendered":"<p>H\u013ead\u00e1te zmyslupln\u00fd program pre Va\u0161e die\u0165a po\u010das pr\u00e1zdnin? Prihl\u00e1ste ho do denn\u00e9ho t\u00e1bora na Kamz\u00edku. \u010co pon\u00fakame? Kedy a kde? Stredu 26.2.2025\u00a0 v \u010dase od 8:00 do 16:00 v novom Centre ekov\u00fdchovy na Kamz\u00edku, Kamz\u00edkov vrch 12272, 83101 Bratislava - Nov\u00e9 Mesto. Kto s\u00fa lektori? Sk\u00fasen\u00ed lektori a lektorky In\u0161tit\u00fatu DAPHNE, ktor\u00ed ved\u00fa aj na\u0161e<\/p>\n","protected":false},"featured_media":30056,"comment_status":"closed","ping_status":"closed","template":"","meta":{"_uag_custom_page_level_css":""},"product_brand":[],"product_cat":[18],"product_tag":[],"class_list":{"0":"post-30058","1":"product","2":"type-product","3":"status-publish","4":"has-post-thumbnail","6":"product_cat-tricka","8":"first","9":"instock","10":"purchasable","11":"product-type-variable"},"uagb_featured_image_src":{"full":["https:\/\/daphne.sk\/wp-content\/uploads\/2024\/12\/Tabor-na-Kamziku-pocas-prazdnin-7.jpg",1080,1080,false],"thumbnail":["https:\/\/daphne.sk\/wp-content\/uploads\/2024\/12\/Tabor-na-Kamziku-pocas-prazdnin-7-150x150.jpg",150,150,true],"medium":["https:\/\/daphne.sk\/wp-content\/uploads\/2024\/12\/Tabor-na-Kamziku-pocas-prazdnin-7-300x300.jpg",300,300,true],"medium_large":["https:\/\/daphne.sk\/wp-content\/uploads\/2024\/12\/Tabor-na-Kamziku-pocas-prazdnin-7-768x768.jpg",768,768,true],"large":["https:\/\/daphne.sk\/wp-content\/uploads\/2024\/12\/Tabor-na-Kamziku-pocas-prazdnin-7-1024x1024.jpg",1024,1024,true],"1536x1536":["https:\/\/daphne.sk\/wp-content\/uploads\/2024\/12\/Tabor-na-Kamziku-pocas-prazdnin-7.jpg",1080,1080,false],"2048x2048":["https:\/\/daphne.sk\/wp-content\/uploads\/2024\/12\/Tabor-na-Kamziku-pocas-prazdnin-7.jpg",1080,1080,false],"woocommerce_thumbnail":["https:\/\/daphne.sk\/wp-content\/uploads\/2024\/12\/Tabor-na-Kamziku-pocas-prazdnin-7-450x450.jpg",450,450,true]},"uagb_author_info":{"display_name":"M\u00e1ria Filov\u00e1","author_link":"https:\/\/daphne.sk\/de\/author\/"},"uagb_comment_info":0,"uagb_excerpt":"H\u013ead\u00e1te zmyslupln\u00fd program pre Va\u0161e die\u0165a po\u010das pr\u00e1zdnin? Prihl\u00e1ste ho do denn\u00e9ho t\u00e1bora na Kamz\u00edku. \u010co pon\u00fakame? Kedy a kde? Stredu 26.2.2025\u00a0 v \u010dase od 8:00 do 16:00 v novom Centre ekov\u00fdchovy na Kamz\u00edku, Kamz\u00edkov vrch 12272, 83101 Bratislava - Nov\u00e9 Mesto. Kto s\u00fa lektori? Sk\u00fasen\u00ed lektori a lektorky In\u0161tit\u00fatu DAPHNE, ktor\u00ed ved\u00fa aj na\u0161e","jetpack_sharing_enabled":true,"meta_box":[],"_links":{"self":[{"href":"https:\/\/daphne.sk\/de\/wp-json\/wp\/v2\/product\/30058","targetHints":{"allow":["GET"]}}],"collection":[{"href":"https:\/\/daphne.sk\/de\/wp-json\/wp\/v2\/product"}],"about":[{"href":"https:\/\/daphne.sk\/de\/wp-json\/wp\/v2\/types\/product"}],"replies":[{"embeddable":true,"href":"https:\/\/daphne.sk\/de\/wp-json\/wp\/v2\/comments?post=30058"}],"wp:featuredmedia":[{"embeddable":true,"href":"https:\/\/daphne.sk\/de\/wp-json\/wp\/v2\/media\/30056"}],"wp:attachment":[{"href":"https:\/\/daphne.sk\/de\/wp-json\/wp\/v2\/media?parent=30058"}],"wp:term":[{"taxonomy":"product_brand","embeddable":true,"href":"https:\/\/daphne.sk\/de\/wp-json\/wp\/v2\/product_brand?post=30058"},{"taxonomy":"product_cat","embeddable":true,"href":"https:\/\/daphne.sk\/de\/wp-json\/wp\/v2\/product_cat?post=30058"},{"taxonomy":"product_tag","embeddable":true,"href":"https:\/\/daphne.sk\/de\/wp-json\/wp\/v2\/product_tag?post=30058"}],"curies":[{"name":"wp","href":"https:\/\/api.w.org\/{rel}","templated":true}]}}