{"id":30215,"date":"2025-01-24T13:45:15","date_gmt":"2025-01-24T13:45:15","guid":{"rendered":"https:\/\/daphne.sk\/?post_type=product&#038;p=30215"},"modified":"2025-03-07T07:57:55","modified_gmt":"2025-03-07T07:57:55","slug":"workshop-plstime-sovicku","status":"publish","type":"product","link":"https:\/\/daphne.sk\/de\/e-shop\/workshop-plstime-sovicku\/","title":{"rendered":"Workshop - Plst\u00edme sovi\u010dku"},"content":{"rendered":"<p><strong>Poz\u00fdvame v\u00e1s na workshop - Plst\u00edme sovi\u010dku.<\/strong><\/p>\n<p>Pr\u00ed\u010fte si s nami vyplsti\u0165 kr\u00e1snu sovi\u010dku v podobe bro\u0161ne. Pr\u00e1ca s vlnou je mimoriadne pr\u00edjemn\u00e1 - pr\u00ed\u010fte si odd\u00fdchnu\u0165 a nau\u010di\u0165 sa nie\u010do nov\u00e9.<br \/>\nPredo\u0161l\u00e1 sk\u00fasenos\u0165 s tzv. such\u00fdm plsten\u00edm s ihlou nie je potrebn\u00e1. Prineste si len dobr\u00fa n\u00e1ladu, v\u0161etko ostatn\u00e9 n\u00e1jdete v Centre ekov\u00fdchovy na Kamz\u00edku.<br \/>\nKapacita miest je pri tvorivej dielni\u010dke obmedzen\u00e1.<\/p>\n<p>Lektorka: Mar\u00edna Mas\u00e1rov\u00e1<br \/>\nMar\u00edna Masarov\u00e1 sa venuje such\u00e9mu plsteniu pribli\u017ene 6 rokov. Posledn\u00e9 dva roky vedie aj kurzy- zameran\u00e9 najm\u00e4 na zvierat\u00e1, alebo dekor\u00e1cie s t\u00e9mou zvieratiek.<br \/>\nJej tvorbu n\u00e1jdete pod zna\u010dkou BrumBrum.<\/p>\n<p>Term\u00edn: Sobota 15.2.2025, 10.00-12.00 hod<br \/>\nMiesto: Centrum ekov\u00fdchovy Kamz\u00edk, Kamz\u00edkov vrch 12272, Bratislava<\/p>\n<p><strong>Vstupn\u00e9: 20 Eur\/osoba, vhodn\u00e9 od 10 rokov.\u00a0<\/strong><br \/>\nPrihl\u00e1senie vopred na: kamzik@daphne.sk<\/p>\n<p>&nbsp;<\/p>\n","protected":false},"excerpt":{"rendered":"<p>Poz\u00fdvame v\u00e1s na workshop - Plst\u00edme sovi\u010dku. Pr\u00ed\u010fte si s nami vyplsti\u0165 kr\u00e1snu sovi\u010dku v podobe bro\u0161ne. Pr\u00e1ca s vlnou je mimoriadne pr\u00edjemn\u00e1 - pr\u00ed\u010fte si odd\u00fdchnu\u0165 a nau\u010di\u0165 sa nie\u010do nov\u00e9. Predo\u0161l\u00e1 sk\u00fasenos\u0165 s tzv. such\u00fdm plsten\u00edm s ihlou nie je potrebn\u00e1. Prineste si len dobr\u00fa n\u00e1ladu, v\u0161etko ostatn\u00e9 n\u00e1jdete v Centre ekov\u00fdchovy na<\/p>\n","protected":false},"featured_media":30220,"comment_status":"closed","ping_status":"closed","template":"","meta":{"_uag_custom_page_level_css":""},"product_brand":[],"product_cat":[18],"product_tag":[],"class_list":{"0":"post-30215","1":"product","2":"type-product","3":"status-publish","4":"has-post-thumbnail","6":"product_cat-tricka","8":"first","9":"instock","10":"purchasable","11":"product-type-simple"},"uagb_featured_image_src":{"full":["https:\/\/daphne.sk\/wp-content\/uploads\/2025\/01\/sovicka_plstenie.jpg",1280,856,false],"thumbnail":["https:\/\/daphne.sk\/wp-content\/uploads\/2025\/01\/sovicka_plstenie-150x150.jpg",150,150,true],"medium":["https:\/\/daphne.sk\/wp-content\/uploads\/2025\/01\/sovicka_plstenie-300x201.jpg",300,201,true],"medium_large":["https:\/\/daphne.sk\/wp-content\/uploads\/2025\/01\/sovicka_plstenie-768x514.jpg",768,514,true],"large":["https:\/\/daphne.sk\/wp-content\/uploads\/2025\/01\/sovicka_plstenie-1024x685.jpg",1024,685,true],"1536x1536":["https:\/\/daphne.sk\/wp-content\/uploads\/2025\/01\/sovicka_plstenie.jpg",1280,856,false],"2048x2048":["https:\/\/daphne.sk\/wp-content\/uploads\/2025\/01\/sovicka_plstenie.jpg",1280,856,false],"woocommerce_thumbnail":["https:\/\/daphne.sk\/wp-content\/uploads\/2025\/01\/sovicka_plstenie-450x450.jpg",450,450,true]},"uagb_author_info":{"display_name":"M\u00e1ria Filov\u00e1","author_link":"https:\/\/daphne.sk\/de\/author\/"},"uagb_comment_info":0,"uagb_excerpt":"Poz\u00fdvame v\u00e1s na workshop - Plst\u00edme sovi\u010dku. Pr\u00ed\u010fte si s nami vyplsti\u0165 kr\u00e1snu sovi\u010dku v podobe bro\u0161ne. Pr\u00e1ca s vlnou je mimoriadne pr\u00edjemn\u00e1 - pr\u00ed\u010fte si odd\u00fdchnu\u0165 a nau\u010di\u0165 sa nie\u010do nov\u00e9. Predo\u0161l\u00e1 sk\u00fasenos\u0165 s tzv. such\u00fdm plsten\u00edm s ihlou nie je potrebn\u00e1. Prineste si len dobr\u00fa n\u00e1ladu, v\u0161etko ostatn\u00e9 n\u00e1jdete v Centre ekov\u00fdchovy na","jetpack_sharing_enabled":true,"meta_box":[],"_links":{"self":[{"href":"https:\/\/daphne.sk\/de\/wp-json\/wp\/v2\/product\/30215","targetHints":{"allow":["GET"]}}],"collection":[{"href":"https:\/\/daphne.sk\/de\/wp-json\/wp\/v2\/product"}],"about":[{"href":"https:\/\/daphne.sk\/de\/wp-json\/wp\/v2\/types\/product"}],"replies":[{"embeddable":true,"href":"https:\/\/daphne.sk\/de\/wp-json\/wp\/v2\/comments?post=30215"}],"wp:featuredmedia":[{"embeddable":true,"href":"https:\/\/daphne.sk\/de\/wp-json\/wp\/v2\/media\/30220"}],"wp:attachment":[{"href":"https:\/\/daphne.sk\/de\/wp-json\/wp\/v2\/media?parent=30215"}],"wp:term":[{"taxonomy":"product_brand","embeddable":true,"href":"https:\/\/daphne.sk\/de\/wp-json\/wp\/v2\/product_brand?post=30215"},{"taxonomy":"product_cat","embeddable":true,"href":"https:\/\/daphne.sk\/de\/wp-json\/wp\/v2\/product_cat?post=30215"},{"taxonomy":"product_tag","embeddable":true,"href":"https:\/\/daphne.sk\/de\/wp-json\/wp\/v2\/product_tag?post=30215"}],"curies":[{"name":"wp","href":"https:\/\/api.w.org\/{rel}","templated":true}]}}