{"id":30222,"date":"2025-01-24T14:11:11","date_gmt":"2025-01-24T14:11:11","guid":{"rendered":"https:\/\/daphne.sk\/?post_type=product&#038;p=30222"},"modified":"2025-03-05T11:49:09","modified_gmt":"2025-03-05T11:49:09","slug":"workshop-bol-raz-jeden-zivot","status":"publish","type":"product","link":"https:\/\/daphne.sk\/de\/e-shop\/workshop-bol-raz-jeden-zivot\/","title":{"rendered":"Workshop \u2013 Bol raz jeden \u017eivot"},"content":{"rendered":"\r\n<p><strong>Workshop - Bol raz jeden \u017eivot<\/strong><b> -<\/b><strong><b> <\/b>15.2.2025<\/strong><\/p>\r\n<p>&nbsp;<\/p>\r\n\r\n\r\n\r\n<p>\u010co ukr\u00fdvaj\u00fa kamene a skameneliny? Po\u010das workshopu, na ktor\u00fd m\u00f4\u017eete pr\u00eds\u0165 kedyko\u013evek vo vymedzenom \u010dase, m\u00f4\u017eete polo\u017ei\u0165 zvedav\u00e9 ot\u00e1zky, pozorova\u0165 aj tvori\u0165. Na deti \u010dakaj\u00fa 3 hrav\u00e9 stanovi\u0161tia:<\/p>\r\n\r\n\r\n\r\n<ul class=\"wp-block-list\">\r\n<li>Paleoherni\u010dka s hrami s paleo-tematikou<\/li>\r\n\r\n\r\n\r\n<li>Pozorovanie skamenel\u00edn s v\u00fdkladom odborn\u00e9ho lektora<\/li>\r\n\r\n\r\n\r\n<li>Tvoriv\u00e1 dielni\u010dka s ma\u013eovan\u00edm a otl\u00e1\u010dan\u00edm do modelovacej hmoty Kapacita miest je pri tvorivej dielni\u010dke obmedzen\u00e1.<\/li>\r\n<\/ul>\r\n\r\n\r\n\r\n<p>Term\u00edn: Sobota 15.2.2025, 14.00-16.00 hod (kedyko\u013evek v priebehu) Miesto: Centrum ekov\u00fdchovy Kamz\u00edk, Kamz\u00edkov vrch 12272, Bratislava Vstupn\u00e9: 6 Eur\/dospel\u00fd doprovod, 8 Eur\/die\u0165a, vhodn\u00e9 od 5 rokov Prihl\u00e1senie vopred na: kamzik@daphne.sk<\/p>\r\n","protected":false},"excerpt":{"rendered":"<p>Workshop - Bol raz jeden \u017eivot - 15.2.2025 &nbsp; \u010co ukr\u00fdvaj\u00fa kamene a skameneliny? Po\u010das workshopu, na ktor\u00fd m\u00f4\u017eete pr\u00eds\u0165 kedyko\u013evek vo vymedzenom \u010dase, m\u00f4\u017eete polo\u017ei\u0165 zvedav\u00e9 ot\u00e1zky, pozorova\u0165 aj tvori\u0165. Na deti \u010dakaj\u00fa 3 hrav\u00e9 stanovi\u0161tia: Term\u00edn: Sobota 15.2.2025, 14.00-16.00 hod (kedyko\u013evek v priebehu) Miesto: Centrum ekov\u00fdchovy Kamz\u00edk, Kamz\u00edkov vrch 12272, Bratislava Vstupn\u00e9: 6<\/p>\n","protected":false},"featured_media":27815,"comment_status":"closed","ping_status":"closed","template":"","meta":{"_uag_custom_page_level_css":""},"product_brand":[],"product_cat":[18],"product_tag":[],"class_list":{"0":"post-30222","1":"product","2":"type-product","3":"status-publish","4":"has-post-thumbnail","6":"product_cat-tricka","8":"first","9":"instock","10":"purchasable","11":"product-type-variable"},"uagb_featured_image_src":{"full":["https:\/\/daphne.sk\/wp-content\/uploads\/2024\/04\/rocks-2485461_1280.png",1280,758,false],"thumbnail":["https:\/\/daphne.sk\/wp-content\/uploads\/2024\/04\/rocks-2485461_1280-150x150.png",150,150,true],"medium":["https:\/\/daphne.sk\/wp-content\/uploads\/2024\/04\/rocks-2485461_1280-300x178.png",300,178,true],"medium_large":["https:\/\/daphne.sk\/wp-content\/uploads\/2024\/04\/rocks-2485461_1280-768x455.png",768,455,true],"large":["https:\/\/daphne.sk\/wp-content\/uploads\/2024\/04\/rocks-2485461_1280-1024x606.png",1024,606,true],"1536x1536":["https:\/\/daphne.sk\/wp-content\/uploads\/2024\/04\/rocks-2485461_1280.png",1280,758,false],"2048x2048":["https:\/\/daphne.sk\/wp-content\/uploads\/2024\/04\/rocks-2485461_1280.png",1280,758,false],"woocommerce_thumbnail":["https:\/\/daphne.sk\/wp-content\/uploads\/2024\/04\/rocks-2485461_1280-450x450.png",450,450,true]},"uagb_author_info":{"display_name":"M\u00e1ria Filov\u00e1","author_link":"https:\/\/daphne.sk\/de\/author\/"},"uagb_comment_info":0,"uagb_excerpt":"Workshop - Bol raz jeden \u017eivot - 15.2.2025 &nbsp; \u010co ukr\u00fdvaj\u00fa kamene a skameneliny? Po\u010das workshopu, na ktor\u00fd m\u00f4\u017eete pr\u00eds\u0165 kedyko\u013evek vo vymedzenom \u010dase, m\u00f4\u017eete polo\u017ei\u0165 zvedav\u00e9 ot\u00e1zky, pozorova\u0165 aj tvori\u0165. Na deti \u010dakaj\u00fa 3 hrav\u00e9 stanovi\u0161tia: Term\u00edn: Sobota 15.2.2025, 14.00-16.00 hod (kedyko\u013evek v priebehu) Miesto: Centrum ekov\u00fdchovy Kamz\u00edk, Kamz\u00edkov vrch 12272, Bratislava Vstupn\u00e9: 6","jetpack_sharing_enabled":true,"meta_box":[],"_links":{"self":[{"href":"https:\/\/daphne.sk\/de\/wp-json\/wp\/v2\/product\/30222","targetHints":{"allow":["GET"]}}],"collection":[{"href":"https:\/\/daphne.sk\/de\/wp-json\/wp\/v2\/product"}],"about":[{"href":"https:\/\/daphne.sk\/de\/wp-json\/wp\/v2\/types\/product"}],"replies":[{"embeddable":true,"href":"https:\/\/daphne.sk\/de\/wp-json\/wp\/v2\/comments?post=30222"}],"wp:featuredmedia":[{"embeddable":true,"href":"https:\/\/daphne.sk\/de\/wp-json\/wp\/v2\/media\/27815"}],"wp:attachment":[{"href":"https:\/\/daphne.sk\/de\/wp-json\/wp\/v2\/media?parent=30222"}],"wp:term":[{"taxonomy":"product_brand","embeddable":true,"href":"https:\/\/daphne.sk\/de\/wp-json\/wp\/v2\/product_brand?post=30222"},{"taxonomy":"product_cat","embeddable":true,"href":"https:\/\/daphne.sk\/de\/wp-json\/wp\/v2\/product_cat?post=30222"},{"taxonomy":"product_tag","embeddable":true,"href":"https:\/\/daphne.sk\/de\/wp-json\/wp\/v2\/product_tag?post=30222"}],"curies":[{"name":"wp","href":"https:\/\/api.w.org\/{rel}","templated":true}]}}