{"id":30675,"date":"2025-03-25T07:09:51","date_gmt":"2025-03-25T07:09:51","guid":{"rendered":"https:\/\/daphne.sk\/?post_type=product&#038;p=30675"},"modified":"2025-04-22T11:38:52","modified_gmt":"2025-04-22T11:38:52","slug":"1-denny-tabor-na-kamziku-utorok-22-4-2025","status":"publish","type":"product","link":"https:\/\/daphne.sk\/de\/e-shop\/1-denny-tabor-na-kamziku-utorok-22-4-2025\/","title":{"rendered":"1-denn\u00fd t\u00e1bor na Kamz\u00edku - utorok 22.04.2025"},"content":{"rendered":"\r\n<p><\/p>\r\n<p>H\u013ead\u00e1te pestr\u00fd program pre Va\u0161e die\u0165a po\u010das ve\u013ekono\u010dn\u00fdch pr\u00e1zdnin?<br \/>Prihl\u00e1ste ho do 1-denn\u00e9ho t\u00e1bora na Kamz\u00edku\ud83d\ude0a<\/p>\r\n<p>\r\n\r\n<\/p>\r\n<p><strong>T\u00e1borov\u00fd De\u0148 Zeme bude v\u00a0znamen\u00ed p\u00f4dy \u2013 \u010do n\u00e1s \u010dak\u00e1?<\/strong><\/p>\r\n<p>\r\n\r\n<\/p>\r\n<ul class=\"wp-block-list\">\r\n<li>r\u00f4znymi pokusmi presk\u00famame vlastnosti p\u00f4dy,<\/li>\r\n\r\n\r\n\r\n<li>zozn\u00e1mime sa s\u00a0obyvate\u013emi \u017eij\u00facimi pod na\u0161imi nohami,<\/li>\r\n\r\n\r\n\r\n<li>zist\u00edme, pre\u010do je d\u00f4le\u017eit\u00e9 p\u00f4du chr\u00e1ni\u0165 a\u00a0\u010do m\u00f4\u017eeme urobi\u0165 my,<\/li>\r\n\r\n\r\n\r\n<li>pr\u00edjemn\u00e9 z\u00e1zemie, sk\u00fasen\u00fdch lektorov a hrav\u00e9 vzdel\u00e1vanie \ud83d\ude0a<\/li>\r\n<\/ul>\r\n<p>\r\n\r\n<\/p>\r\n<p><strong>Kedy a kde?<br \/><\/strong>Utorok 22.04.2025 v \u010dase od 8:00 do 16:00 hodiny v Centre ekov\u00fdchovy na Kamz\u00edku, Kamz\u00edkov vrch 12272, 83101 Bratislava\u00a0<br \/><\/p>\r\n<p><strong>Kto s\u00fa lektori?<br \/><\/strong>Sk\u00fasen\u00ed lektori a lektorky In\u0161tit\u00fatu DAPHNE, ktor\u00ed ved\u00fa aj na\u0161e ekov\u00fdchovn\u00e9 programy a exkurzie.<br \/>Pre koho je t\u00e1bor ur\u010den\u00fd?<br \/>Pre v\u0161etk\u00fdch mlad\u00fdch nad\u0161encov pr\u00edrody vo veku od 7 do 11 rokov.<\/p>\r\n<p><strong>Cena? <br \/><\/strong>Cena za de\u0148 je 40 Eur. Cena zah\u0155\u0148a program spojen\u00fd s pobytom v pr\u00edrode resp. v Centre ekov\u00fdchovy na Kamz\u00edku, obed a pitn\u00fd re\u017eim.<br \/><strong>Prihl\u00e1senie: <\/strong>najnesk\u00f4r \u0161tvrtok 17.04.2025(vr\u00e1tane)<\/p>\r\n<p>Kontakt : <a href=\"mailto:kamzik@daphne.sk\">kamzik@daphne.sk<\/a><br \/>T\u00e1bor otvor\u00edme v pr\u00edpade, ak budeme ma\u0165 minim\u00e1lny po\u010det det\u00ed. \u00a0<br \/>Te\u0161\u00edme sa na v\u0161etk\u00fdch mlad\u00fdch ochrancov pr\u00edrody.<\/p>\r\n\r\n\r\n\r\n<figure class=\"wp-block-gallery has-nested-images columns-default is-cropped wp-block-gallery-1 is-layout-flex wp-block-gallery-is-layout-flex\">\r\n<figure class=\"wp-block-image size-large\"><img decoding=\"async\" width=\"768\" height=\"1024\" data-id=\"28225\" class=\"wp-image-28225\" src=\"https:\/\/daphne.sk\/wp-content\/uploads\/2024\/06\/unnamed-768x1024.jpg\" alt=\"\" srcset=\"https:\/\/daphne.sk\/wp-content\/uploads\/2024\/06\/unnamed-768x1024.jpg 768w, https:\/\/daphne.sk\/wp-content\/uploads\/2024\/06\/unnamed-225x300.jpg 225w, https:\/\/daphne.sk\/wp-content\/uploads\/2024\/06\/unnamed-1152x1536.jpg 1152w, https:\/\/daphne.sk\/wp-content\/uploads\/2024\/06\/unnamed.jpg 1440w\" sizes=\"(max-width: 768px) 100vw, 768px\" \/><\/figure>\r\n\r\n\r\n\r\n<figure class=\"wp-block-image size-large\"><img decoding=\"async\" data-id=\"28233\" class=\"alignnone wp-image-30453 size-full\" src=\"https:\/\/daphne.sk\/wp-content\/uploads\/2025\/03\/IMG_1028.jpg\" alt=\"\" width=\"1920\" height=\"1440\" srcset=\"https:\/\/daphne.sk\/wp-content\/uploads\/2025\/03\/IMG_1028.jpg 1920w, https:\/\/daphne.sk\/wp-content\/uploads\/2025\/03\/IMG_1028-300x225.jpg 300w, https:\/\/daphne.sk\/wp-content\/uploads\/2025\/03\/IMG_1028-1024x768.jpg 1024w, https:\/\/daphne.sk\/wp-content\/uploads\/2025\/03\/IMG_1028-768x576.jpg 768w, https:\/\/daphne.sk\/wp-content\/uploads\/2025\/03\/IMG_1028-1536x1152.jpg 1536w\" sizes=\"(max-width: 1920px) 100vw, 1920px\" \/><img decoding=\"async\" class=\"alignnone wp-image-29565 size-full\" src=\"https:\/\/daphne.sk\/wp-content\/uploads\/2024\/09\/Obrazok-WhatsApp-2024-08-14-o-18.56.53_b5c262fa.jpg\" alt=\"\" width=\"1440\" height=\"1920\" srcset=\"https:\/\/daphne.sk\/wp-content\/uploads\/2024\/09\/Obrazok-WhatsApp-2024-08-14-o-18.56.53_b5c262fa.jpg 1440w, https:\/\/daphne.sk\/wp-content\/uploads\/2024\/09\/Obrazok-WhatsApp-2024-08-14-o-18.56.53_b5c262fa-225x300.jpg 225w, https:\/\/daphne.sk\/wp-content\/uploads\/2024\/09\/Obrazok-WhatsApp-2024-08-14-o-18.56.53_b5c262fa-768x1024.jpg 768w, https:\/\/daphne.sk\/wp-content\/uploads\/2024\/09\/Obrazok-WhatsApp-2024-08-14-o-18.56.53_b5c262fa-1152x1536.jpg 1152w\" sizes=\"(max-width: 1440px) 100vw, 1440px\" \/><\/figure>\r\n\r\n\r\n\r\n\r\n\r\n\r\n\r\n\r\n\r\n\r\n\r\n\r\n\r\n\r\n\r\n\r\n\r\n<figure class=\"wp-block-image size-large\"><img decoding=\"async\" data-id=\"28209\" class=\"alignnone wp-image-30758 size-full\" src=\"https:\/\/daphne.sk\/wp-content\/uploads\/2025\/03\/ba0c151d-f1ce-498d-85b0-62d381fdc474.jpg\" alt=\"\" width=\"1024\" height=\"683\" srcset=\"https:\/\/daphne.sk\/wp-content\/uploads\/2025\/03\/ba0c151d-f1ce-498d-85b0-62d381fdc474.jpg 1024w, https:\/\/daphne.sk\/wp-content\/uploads\/2025\/03\/ba0c151d-f1ce-498d-85b0-62d381fdc474-300x200.jpg 300w, https:\/\/daphne.sk\/wp-content\/uploads\/2025\/03\/ba0c151d-f1ce-498d-85b0-62d381fdc474-768x512.jpg 768w\" sizes=\"(max-width: 1024px) 100vw, 1024px\" \/> <img decoding=\"async\" class=\"alignnone wp-image-30759 size-full\" src=\"https:\/\/daphne.sk\/wp-content\/uploads\/2025\/03\/aaeed02c-a240-4b60-bd12-218f075de4a1.jpg\" alt=\"\" width=\"1200\" height=\"1600\" srcset=\"https:\/\/daphne.sk\/wp-content\/uploads\/2025\/03\/aaeed02c-a240-4b60-bd12-218f075de4a1.jpg 1200w, https:\/\/daphne.sk\/wp-content\/uploads\/2025\/03\/aaeed02c-a240-4b60-bd12-218f075de4a1-225x300.jpg 225w, https:\/\/daphne.sk\/wp-content\/uploads\/2025\/03\/aaeed02c-a240-4b60-bd12-218f075de4a1-768x1024.jpg 768w, https:\/\/daphne.sk\/wp-content\/uploads\/2025\/03\/aaeed02c-a240-4b60-bd12-218f075de4a1-1152x1536.jpg 1152w\" sizes=\"(max-width: 1200px) 100vw, 1200px\" \/> <img decoding=\"async\" class=\"alignnone wp-image-30760 size-full\" src=\"https:\/\/daphne.sk\/wp-content\/uploads\/2025\/03\/7b638321-a781-45ac-8d3b-bffbbf3e680b.jpg\" alt=\"\" width=\"1440\" height=\"1920\" srcset=\"https:\/\/daphne.sk\/wp-content\/uploads\/2025\/03\/7b638321-a781-45ac-8d3b-bffbbf3e680b.jpg 1440w, https:\/\/daphne.sk\/wp-content\/uploads\/2025\/03\/7b638321-a781-45ac-8d3b-bffbbf3e680b-225x300.jpg 225w, https:\/\/daphne.sk\/wp-content\/uploads\/2025\/03\/7b638321-a781-45ac-8d3b-bffbbf3e680b-768x1024.jpg 768w, https:\/\/daphne.sk\/wp-content\/uploads\/2025\/03\/7b638321-a781-45ac-8d3b-bffbbf3e680b-1152x1536.jpg 1152w\" sizes=\"(max-width: 1440px) 100vw, 1440px\" \/><\/figure>\r\n\r\n\r\n\r\n\r\n\r\n\r\n\r\n\r\n\r\n\r\n\r\n\r\n\r\n\r\n\r\n\r\n\r\n\r\n\r\n\r\n\r\n\r\n<\/figure>\r\n","protected":false},"excerpt":{"rendered":"","protected":false},"featured_media":28515,"comment_status":"closed","ping_status":"closed","template":"","meta":{"_uag_custom_page_level_css":""},"product_brand":[],"product_cat":[18],"product_tag":[],"class_list":{"0":"post-30675","1":"product","2":"type-product","3":"status-publish","4":"has-post-thumbnail","6":"product_cat-tricka","8":"first","9":"outofstock","10":"purchasable","11":"product-type-simple"},"uagb_featured_image_src":{"full":["https:\/\/daphne.sk\/wp-content\/uploads\/2024\/08\/zel16.jpg",1200,1600,false],"thumbnail":["https:\/\/daphne.sk\/wp-content\/uploads\/2024\/08\/zel16-150x150.jpg",150,150,true],"medium":["https:\/\/daphne.sk\/wp-content\/uploads\/2024\/08\/zel16-225x300.jpg",225,300,true],"medium_large":["https:\/\/daphne.sk\/wp-content\/uploads\/2024\/08\/zel16-768x1024.jpg",768,1024,true],"large":["https:\/\/daphne.sk\/wp-content\/uploads\/2024\/08\/zel16-768x1024.jpg",768,1024,true],"1536x1536":["https:\/\/daphne.sk\/wp-content\/uploads\/2024\/08\/zel16-1152x1536.jpg",1152,1536,true],"2048x2048":["https:\/\/daphne.sk\/wp-content\/uploads\/2024\/08\/zel16.jpg",1200,1600,false],"woocommerce_thumbnail":["https:\/\/daphne.sk\/wp-content\/uploads\/2024\/08\/zel16-450x450.jpg",450,450,true]},"uagb_author_info":{"display_name":"Raisa Gorobecova","author_link":"https:\/\/daphne.sk\/de\/author\/"},"uagb_comment_info":0,"uagb_excerpt":null,"jetpack_sharing_enabled":true,"meta_box":[],"_links":{"self":[{"href":"https:\/\/daphne.sk\/de\/wp-json\/wp\/v2\/product\/30675","targetHints":{"allow":["GET"]}}],"collection":[{"href":"https:\/\/daphne.sk\/de\/wp-json\/wp\/v2\/product"}],"about":[{"href":"https:\/\/daphne.sk\/de\/wp-json\/wp\/v2\/types\/product"}],"replies":[{"embeddable":true,"href":"https:\/\/daphne.sk\/de\/wp-json\/wp\/v2\/comments?post=30675"}],"wp:featuredmedia":[{"embeddable":true,"href":"https:\/\/daphne.sk\/de\/wp-json\/wp\/v2\/media\/28515"}],"wp:attachment":[{"href":"https:\/\/daphne.sk\/de\/wp-json\/wp\/v2\/media?parent=30675"}],"wp:term":[{"taxonomy":"product_brand","embeddable":true,"href":"https:\/\/daphne.sk\/de\/wp-json\/wp\/v2\/product_brand?post=30675"},{"taxonomy":"product_cat","embeddable":true,"href":"https:\/\/daphne.sk\/de\/wp-json\/wp\/v2\/product_cat?post=30675"},{"taxonomy":"product_tag","embeddable":true,"href":"https:\/\/daphne.sk\/de\/wp-json\/wp\/v2\/product_tag?post=30675"}],"curies":[{"name":"wp","href":"https:\/\/api.w.org\/{rel}","templated":true}]}}