{"id":32156,"date":"2025-09-09T06:13:32","date_gmt":"2025-09-09T06:13:32","guid":{"rendered":"https:\/\/daphne.sk\/?post_type=product&#038;p=32156"},"modified":"2025-11-04T16:46:31","modified_gmt":"2025-11-04T16:46:31","slug":"prednaska-a-workshop-ako-spravne-triedit-odpadove-pikosky","status":"publish","type":"product","link":"https:\/\/daphne.sk\/de\/e-shop\/prednaska-a-workshop-ako-spravne-triedit-odpadove-pikosky\/","title":{"rendered":"Predn\u00e1\u0161ka a workshop Ako spr\u00e1vne triedi\u0165 \u2013 odpadov\u00e9 piko\u0161ky"},"content":{"rendered":"<p><strong>Poz\u00fdvame v\u00e1s na predn\u00e1\u0161ku spojen\u00fa s workshopom\u00a0 - \u201eAko spr\u00e1vne triedi\u0165 \u2013 odpadov\u00e9 piko\u0161ky\"<\/strong><\/p>\r\n<p>Septembrov\u00fd workshop venujeme t\u00e9me odpady - symbolicky pri pr\u00edle\u017eitosti svetov\u00e9ho upratovacieho d\u0148a \u201eWorld Cleanup Day\u201c.Viete, kde kon\u010d\u00ed bioodpad? \u010co m\u00f4\u017eeme robi\u0165 s \u010diernymi skl\u00e1dkami v\u00a0lese? Ak je nie\u010do, s\u00a0\u010d\u00edm si pri trieden\u00ed neviete rady, radi v\u00e1m pom\u00f4\u017eeme.Na dospel\u00fdch n\u00e1v\u0161tevn\u00edkov \u010dak\u00e1 zauj\u00edmav\u00e1 diskusia, na deti ODPADOV\u00c9\u00a0\u010cLOVE\u010cE, NEHNEVAJ SA!<\/p>\r\n<p><strong>Lektor:<\/strong>\u00a0Mgr. Andrej Popovi\u010d je hlavn\u00fdm lektorom ekov\u00fdchovn\u00fdch programov spolo\u010dnosti NATUR-PACK, a.s., dlhodobo sa venuje zvy\u0161ovaniu environment\u00e1lneho povedomia o odpadoch.<\/p>\r\n<p><strong><\/strong> <strong>Term\u00edn<\/strong>: sobota 15.11.2025, 14.00 - 15.30 hod<br \/><strong>\r\n\r\n<\/strong> <strong>Miesto<\/strong>: Centrum ekov\u00fdchovy Kamz\u00edk, Kamz\u00edkov vrch 12272, Bratislava<br \/><strong>\r\n\r\n<\/strong> <strong>Vstupn\u00e9<\/strong>: 5 Eur\/dospel\u00fd, 3 Eur\/die\u0165a<br \/><strong>Kontakt<\/strong>: <a href=\"mailto:kamzik@daphne.sk\">kamzik@daphne.sk<\/a><\/p>\r\n<p>Podujatie sa realizuje v spolupr\u00e1ci s OZV NATUR-PACK, a.s., ktor\u00e1 v roku 2023 z\u00edskala N\u00e1rodn\u00fa podnikate\u013esk\u00fa cenu za \u017eivotn\u00e9 prostredie za unik\u00e1tny projekt\u00a0 \u201eAlch\u00fdmia triedenia komun\u00e1lneho odpadu\".<\/p>","protected":false},"excerpt":{"rendered":"<p>Poz\u00fdvame v\u00e1s na predn\u00e1\u0161ku spojen\u00fa s workshopom\u00a0 - \u201eAko spr\u00e1vne triedi\u0165 \u2013 odpadov\u00e9 piko\u0161ky\" Septembrov\u00fd workshop venujeme t\u00e9me odpady - symbolicky pri pr\u00edle\u017eitosti svetov\u00e9ho upratovacieho d\u0148a \u201eWorld Cleanup Day\u201c.Viete, kde kon\u010d\u00ed bioodpad? \u010co m\u00f4\u017eeme robi\u0165 s \u010diernymi skl\u00e1dkami v\u00a0lese? Ak je nie\u010do, s\u00a0\u010d\u00edm si pri trieden\u00ed neviete rady, radi v\u00e1m pom\u00f4\u017eeme.Na dospel\u00fdch n\u00e1v\u0161tevn\u00edkov \u010dak\u00e1 zauj\u00edmav\u00e1<\/p>\n","protected":false},"featured_media":32161,"comment_status":"closed","ping_status":"closed","template":"","meta":{"_uag_custom_page_level_css":""},"product_brand":[],"product_cat":[18],"product_tag":[],"class_list":{"0":"post-32156","1":"product","2":"type-product","3":"status-publish","4":"has-post-thumbnail","6":"product_cat-tricka","8":"first","9":"instock","10":"purchasable","11":"product-type-variable"},"uagb_featured_image_src":{"full":["https:\/\/daphne.sk\/wp-content\/uploads\/2025\/09\/clovece-e1757402670426.jpg",765,697,false],"thumbnail":["https:\/\/daphne.sk\/wp-content\/uploads\/2025\/09\/clovece-e1757402670426-150x150.jpg",150,150,true],"medium":["https:\/\/daphne.sk\/wp-content\/uploads\/2025\/09\/clovece-e1757402670426-300x273.jpg",300,273,true],"medium_large":["https:\/\/daphne.sk\/wp-content\/uploads\/2025\/09\/clovece-e1757402670426.jpg",765,697,false],"large":["https:\/\/daphne.sk\/wp-content\/uploads\/2025\/09\/clovece-e1757402670426.jpg",765,697,false],"1536x1536":["https:\/\/daphne.sk\/wp-content\/uploads\/2025\/09\/clovece-e1757402670426.jpg",765,697,false],"2048x2048":["https:\/\/daphne.sk\/wp-content\/uploads\/2025\/09\/clovece-e1757402670426.jpg",765,697,false],"woocommerce_thumbnail":["https:\/\/daphne.sk\/wp-content\/uploads\/2025\/09\/clovece-e1757402670426-450x450.jpg",450,450,true]},"uagb_author_info":{"display_name":"Raisa Gorobecova","author_link":"https:\/\/daphne.sk\/de\/author\/"},"uagb_comment_info":0,"uagb_excerpt":"Poz\u00fdvame v\u00e1s na predn\u00e1\u0161ku spojen\u00fa s workshopom\u00a0 - \u201eAko spr\u00e1vne triedi\u0165 \u2013 odpadov\u00e9 piko\u0161ky\" Septembrov\u00fd workshop venujeme t\u00e9me odpady - symbolicky pri pr\u00edle\u017eitosti svetov\u00e9ho upratovacieho d\u0148a \u201eWorld Cleanup Day\u201c.Viete, kde kon\u010d\u00ed bioodpad? \u010co m\u00f4\u017eeme robi\u0165 s \u010diernymi skl\u00e1dkami v\u00a0lese? Ak je nie\u010do, s\u00a0\u010d\u00edm si pri trieden\u00ed neviete rady, radi v\u00e1m pom\u00f4\u017eeme.Na dospel\u00fdch n\u00e1v\u0161tevn\u00edkov \u010dak\u00e1 zauj\u00edmav\u00e1","jetpack_sharing_enabled":true,"meta_box":[],"_links":{"self":[{"href":"https:\/\/daphne.sk\/de\/wp-json\/wp\/v2\/product\/32156","targetHints":{"allow":["GET"]}}],"collection":[{"href":"https:\/\/daphne.sk\/de\/wp-json\/wp\/v2\/product"}],"about":[{"href":"https:\/\/daphne.sk\/de\/wp-json\/wp\/v2\/types\/product"}],"replies":[{"embeddable":true,"href":"https:\/\/daphne.sk\/de\/wp-json\/wp\/v2\/comments?post=32156"}],"wp:featuredmedia":[{"embeddable":true,"href":"https:\/\/daphne.sk\/de\/wp-json\/wp\/v2\/media\/32161"}],"wp:attachment":[{"href":"https:\/\/daphne.sk\/de\/wp-json\/wp\/v2\/media?parent=32156"}],"wp:term":[{"taxonomy":"product_brand","embeddable":true,"href":"https:\/\/daphne.sk\/de\/wp-json\/wp\/v2\/product_brand?post=32156"},{"taxonomy":"product_cat","embeddable":true,"href":"https:\/\/daphne.sk\/de\/wp-json\/wp\/v2\/product_cat?post=32156"},{"taxonomy":"product_tag","embeddable":true,"href":"https:\/\/daphne.sk\/de\/wp-json\/wp\/v2\/product_tag?post=32156"}],"curies":[{"name":"wp","href":"https:\/\/api.w.org\/{rel}","templated":true}]}}