{"id":33818,"date":"2026-04-02T08:06:30","date_gmt":"2026-04-02T08:06:30","guid":{"rendered":"https:\/\/daphne.sk\/?post_type=product&#038;p=33818"},"modified":"2026-04-29T10:50:22","modified_gmt":"2026-04-29T10:50:22","slug":"letny-denny-tabor-na-kamziku-27-7-31-7-2026-2","status":"publish","type":"product","link":"https:\/\/daphne.sk\/de\/e-shop\/letny-denny-tabor-na-kamziku-27-7-31-7-2026-2\/","title":{"rendered":"Letn\u00fd denn\u00fd t\u00e1bor na Kamz\u00edku - 27.7-31.7.2026"},"content":{"rendered":"\r\n<p>H\u013ead\u00e1te pestr\u00fd program pre Va\u0161e die\u0165a po\u010das letn\u00fdch pr\u00e1zdnin?<br \/>Prihl\u00e1ste ho do letn\u00e9ho denn\u00e9ho t\u00e1bora na Kamz\u00edku\ud83d\ude0a<\/p>\r\n<p><strong>\u010co pon\u00fakame?<\/strong><\/p>\r\n<p><\/p>\r\n<ul class=\"wp-block-list\">\r\n<li>Spolo\u010dn\u00e9 objavovanie rozmanitosti pr\u00edrody a jej praktick\u00fa ochranu (program prisp\u00f4sob\u00edme po\u010dasiu).<\/li>\r\n<li>Z\u00edskanie nov\u00fdch zru\u010dnost\u00ed \u2013 napr\u00edklad pr\u00e1cu s mikroskopom, buzolou \u010di z\u00e1klady orient\u00e1cie v ter\u00e9ne.<\/li>\r\n<li>Sk\u00famanie pr\u00edrody pomocou r\u00f4znych pom\u00f4cok (napr. entomologick\u00e1 sie\u0165, exhaustor) aj pr\u00e1ce s pr\u00edrodninami.<\/li>\r\n<li>Pestr\u00e9 tvoriv\u00e9 a b\u00e1date\u013esk\u00e9 aktivity \u2013 napr\u00edklad nap\u00e1jadlo pre ope\u013eova\u010de jednoduch\u00e9 experimenty a hrav\u00e9 u\u010denie.<\/li>\r\n<li>Pozorovanie rastl\u00edn a \u017eivo\u010d\u00edchov v ich prirodzenom prostred\u00ed a objavovanie ich vz\u00e1jomn\u00fdch vz\u0165ahov.<\/li>\r\n<li>Dobrodru\u017en\u00e9 hry a t\u00edmov\u00e9 v\u00fdzvy v pr\u00edrode, ktor\u00e9 podporuj\u00fa spolupr\u00e1cu a kreativitu.<\/li>\r\n<li>Pr\u00edjemn\u00e9 z\u00e1zemie, sk\u00fasen\u00fdch lektorov a priate\u013esk\u00fa atmosf\u00e9ru pln\u00fa pohybu, objavovania a z\u00e1bavy.<\/li>\r\n<\/ul>\r\n<p><\/p>\r\n<p><strong style=\"color: var(--paragraph-color); font-size: min(max(calc(var(--mobile-text-base) * 1rem), calc(var(--mobile-text-base) * 1rem + (var(--desktop-text-base) - var(--mobile-text-base)) * var(--viewport-calc))), calc(var(--desktop-text-base) * 1rem));\">Kedy a kde?<\/strong><\/p>\r\n<p>27.7-31.7.2026 v \u010dase od 8:00 do 16:30 hodiny<br \/>v novom Centre ekov\u00fdchovy na Kamz\u00edku, Kamz\u00edkov vrch 12272, 83101 Bratislava - Nov\u00e9 Mesto.<\/p>\r\n<p><strong>Kto s\u00fa lektori?<br \/><\/strong>Sk\u00fasen\u00ed lektori a lektorky In\u0161tit\u00fatu DAPHNE, ktor\u00ed ved\u00fa aj na\u0161e ekov\u00fdchovn\u00e9 programy a exkurzie.<br \/>Pre koho je t\u00e1bor ur\u010den\u00fd?<br \/>Pre v\u0161etk\u00fdch mlad\u00fdch nad\u0161encov pr\u00edrody vo veku od 7 do 12 rokov.<\/p>\r\n<p><strong>Cena? <br \/><\/strong>Cena je 249 \u20ac. Zah\u0155\u0148a program spojen\u00fd s pobytom v pr\u00edrode, stravu a pitn\u00fd re\u017eim (mo\u017enos\u0165 vegetari\u00e1nskej stravy), ekov\u00fdchovn\u00e9 materi\u00e1ly z dielne DAPHNE.<br \/><br \/><\/p>\r\n<p>Kontakt : <a href=\"mailto:kamzik@daphne.sk\">tabory@daphne.sk<\/a><\/p>\r\n<p>Kontaktn\u00e1 osoba: Lucia Durguth, 0948 181 533<\/p>\r\n<p><br \/>T\u00e1bor otvor\u00edme v pr\u00edpade ak budeme ma\u0165 minim\u00e1lne 11 prihl\u00e1sen\u00fdch det\u00ed. Maxim\u00e1lny po\u010det det\u00ed je 24.<\/p>\r\n<p>Te\u0161\u00edme sa na v\u0161etk\u00fdch mlad\u00fdch ochrancov pr\u00edrody.<\/p>\r\n\r\n\r\n\r\n<figure class=\"wp-block-gallery has-nested-images columns-default is-cropped wp-block-gallery-1 is-layout-flex wp-block-gallery-is-layout-flex\">\r\n<figure class=\"wp-block-image size-large\"><img decoding=\"async\" width=\"768\" height=\"1024\" data-id=\"28225\" class=\"wp-image-28225\" src=\"https:\/\/daphne.sk\/wp-content\/uploads\/2024\/06\/unnamed-768x1024.jpg\" alt=\"\" srcset=\"https:\/\/daphne.sk\/wp-content\/uploads\/2024\/06\/unnamed-768x1024.jpg 768w, https:\/\/daphne.sk\/wp-content\/uploads\/2024\/06\/unnamed-225x300.jpg 225w, https:\/\/daphne.sk\/wp-content\/uploads\/2024\/06\/unnamed-1152x1536.jpg 1152w, https:\/\/daphne.sk\/wp-content\/uploads\/2024\/06\/unnamed.jpg 1440w\" sizes=\"(max-width: 768px) 100vw, 768px\" \/><\/figure>\r\n\r\n\r\n\r\n<figure class=\"wp-block-image size-large\"><img decoding=\"async\" width=\"768\" height=\"1024\" data-id=\"28233\" class=\"wp-image-28233\" src=\"https:\/\/daphne.sk\/wp-content\/uploads\/2024\/06\/zel16-768x1024.jpg\" alt=\"\" srcset=\"https:\/\/daphne.sk\/wp-content\/uploads\/2024\/06\/zel16-768x1024.jpg 768w, https:\/\/daphne.sk\/wp-content\/uploads\/2024\/06\/zel16-225x300.jpg 225w, https:\/\/daphne.sk\/wp-content\/uploads\/2024\/06\/zel16-1152x1536.jpg 1152w, https:\/\/daphne.sk\/wp-content\/uploads\/2024\/06\/zel16.jpg 1200w\" sizes=\"(max-width: 768px) 100vw, 768px\" \/><img decoding=\"async\" width=\"1024\" height=\"768\" class=\"wp-image-28223\" src=\"https:\/\/daphne.sk\/wp-content\/uploads\/2024\/06\/IMG_5289-1024x768.jpg\" alt=\"\" srcset=\"https:\/\/daphne.sk\/wp-content\/uploads\/2024\/06\/IMG_5289-1024x768.jpg 1024w, https:\/\/daphne.sk\/wp-content\/uploads\/2024\/06\/IMG_5289-300x225.jpg 300w, https:\/\/daphne.sk\/wp-content\/uploads\/2024\/06\/IMG_5289-768x576.jpg 768w, https:\/\/daphne.sk\/wp-content\/uploads\/2024\/06\/IMG_5289-1536x1152.jpg 1536w, https:\/\/daphne.sk\/wp-content\/uploads\/2024\/06\/IMG_5289.jpg 1920w\" sizes=\"(max-width: 1024px) 100vw, 1024px\" \/><\/figure>\r\n\r\n\r\n\r\n\r\n\r\n\r\n\r\n\r\n\r\n\r\n\r\n\r\n\r\n\r\n\r\n\r\n\r\n\r\n\r\n\r\n\r\n\r\n\r\n\r\n\r\n\r\n\r\n\r\n\r\n\r\n\r\n\r\n\r\n\r\n\r\n\r\n\r\n\r\n<\/figure>\r\n","protected":false},"excerpt":{"rendered":"","protected":false},"featured_media":29570,"comment_status":"closed","ping_status":"closed","template":"","meta":{"_uag_custom_page_level_css":""},"product_brand":[],"product_cat":[18],"product_tag":[],"class_list":{"0":"post-33818","1":"product","2":"type-product","3":"status-publish","4":"has-post-thumbnail","6":"product_cat-tricka","8":"first","9":"instock","10":"virtual","11":"purchasable","12":"product-type-simple"},"uagb_featured_image_src":{"full":["https:\/\/daphne.sk\/wp-content\/uploads\/2024\/09\/Obrazok-WhatsApp-2024-08-14-o-18.56.57_f4989bab.jpg",1440,1920,false],"thumbnail":["https:\/\/daphne.sk\/wp-content\/uploads\/2024\/09\/Obrazok-WhatsApp-2024-08-14-o-18.56.57_f4989bab-150x150.jpg",150,150,true],"medium":["https:\/\/daphne.sk\/wp-content\/uploads\/2024\/09\/Obrazok-WhatsApp-2024-08-14-o-18.56.57_f4989bab-225x300.jpg",225,300,true],"medium_large":["https:\/\/daphne.sk\/wp-content\/uploads\/2024\/09\/Obrazok-WhatsApp-2024-08-14-o-18.56.57_f4989bab-768x1024.jpg",768,1024,true],"large":["https:\/\/daphne.sk\/wp-content\/uploads\/2024\/09\/Obrazok-WhatsApp-2024-08-14-o-18.56.57_f4989bab-768x1024.jpg",768,1024,true],"1536x1536":["https:\/\/daphne.sk\/wp-content\/uploads\/2024\/09\/Obrazok-WhatsApp-2024-08-14-o-18.56.57_f4989bab-1152x1536.jpg",1152,1536,true],"2048x2048":["https:\/\/daphne.sk\/wp-content\/uploads\/2024\/09\/Obrazok-WhatsApp-2024-08-14-o-18.56.57_f4989bab.jpg",1440,1920,false],"woocommerce_thumbnail":["https:\/\/daphne.sk\/wp-content\/uploads\/2024\/09\/Obrazok-WhatsApp-2024-08-14-o-18.56.57_f4989bab-450x450.jpg",450,450,true]},"uagb_author_info":{"display_name":"Raisa Gorobecova","author_link":"https:\/\/daphne.sk\/de\/author\/"},"uagb_comment_info":0,"uagb_excerpt":null,"jetpack_sharing_enabled":true,"meta_box":[],"_links":{"self":[{"href":"https:\/\/daphne.sk\/de\/wp-json\/wp\/v2\/product\/33818","targetHints":{"allow":["GET"]}}],"collection":[{"href":"https:\/\/daphne.sk\/de\/wp-json\/wp\/v2\/product"}],"about":[{"href":"https:\/\/daphne.sk\/de\/wp-json\/wp\/v2\/types\/product"}],"replies":[{"embeddable":true,"href":"https:\/\/daphne.sk\/de\/wp-json\/wp\/v2\/comments?post=33818"}],"wp:featuredmedia":[{"embeddable":true,"href":"https:\/\/daphne.sk\/de\/wp-json\/wp\/v2\/media\/29570"}],"wp:attachment":[{"href":"https:\/\/daphne.sk\/de\/wp-json\/wp\/v2\/media?parent=33818"}],"wp:term":[{"taxonomy":"product_brand","embeddable":true,"href":"https:\/\/daphne.sk\/de\/wp-json\/wp\/v2\/product_brand?post=33818"},{"taxonomy":"product_cat","embeddable":true,"href":"https:\/\/daphne.sk\/de\/wp-json\/wp\/v2\/product_cat?post=33818"},{"taxonomy":"product_tag","embeddable":true,"href":"https:\/\/daphne.sk\/de\/wp-json\/wp\/v2\/product_tag?post=33818"}],"curies":[{"name":"wp","href":"https:\/\/api.w.org\/{rel}","templated":true}]}}