{"id":33885,"date":"2026-04-10T16:11:19","date_gmt":"2026-04-10T16:11:19","guid":{"rendered":"https:\/\/daphne.sk\/?post_type=product&#038;p=33885"},"modified":"2026-04-18T05:53:34","modified_gmt":"2026-04-18T05:53:34","slug":"prednaska-a-workshop-nebojte-sa-nasich-plazov-a-obojzivelnikov-2","status":"publish","type":"product","link":"https:\/\/daphne.sk\/de\/e-shop\/prednaska-a-workshop-nebojte-sa-nasich-plazov-a-obojzivelnikov-2\/","title":{"rendered":"Predn\u00e1\u0161ka a workshop Nebojte sa na\u0161ich plazov a oboj\u017eiveln\u00edkov"},"content":{"rendered":"<p><strong>Poz\u00fdvame v\u00e1s na predn\u00e1\u0161ku spojen\u00fa s workshopom\u00a0 - \u201eNebojte sa na\u0161ich plazov a oboj\u017eiveln\u00edkov \".<\/strong><\/p>\n<p>Apr\u00edlov\u00fd workshop budeme op\u00e4\u0165 venova\u0165 n\u00e1dhern\u00fdm a\u00a0ohrozen\u00fdm \u017eivo\u010d\u00edchom, ktor\u00e9 m\u00f4\u017eeme v\u00a0lesoparku bez ob\u00e1v obdivova\u0165. Dozviete sa, ak\u00e9 druhy \u017eij\u00fa v\u00a0Mal\u00fdch Karpatoch, \u010d\u00edm sa \u017eivia, \u010do robia po\u010das roka. Dozviete sa ve\u013ea inform\u00e1ci\u00ed o ich \u017eivote, o tom, ak\u00e1 je ich \u00faloha v pr\u00edrode, ktor\u00e9 z nich s\u00fa ohrozen\u00e9 a vz\u00e1cne a pre\u010do potrebuj\u00fa na\u0161u pomoc. S niektor\u00fdmi z nich sa zozn\u00e1mite aj osobne \ud83d\ude09 Z\u00e1ver workshopu bude spojen\u00fd s\u00a0tvorivou aktivitou.<\/p>\n<p>Odnesiete si so sebou aj kr\u00e1sneho obrazov\u00e9ho sprievodcu v\u00a0podobe leporela <a href=\"https:\/\/daphne.sk\/wp-content\/uploads\/2023\/04\/Plazy_SK_web.pdf\">Plazy juhu z\u00e1padn\u00e9ho Slovenska<\/a> alebo\u00a0<a href=\"https:\/\/daphne.sk\/wp-content\/uploads\/2023\/04\/Obojzivelniky_SK_web.pdf\">Oboj\u017eiveln\u00edky juhu z\u00e1padn\u00e9ho Slovenska<\/a>.<\/p>\n<p><strong>Lektor:<\/strong> Viliam Vongrej<\/p>\n<p>Mgr. Viliam Vongrej je nielen miestny znalec oboj\u017eiveln\u00edkov a\u00a0plazov, ale aj zool\u00f3g a\u00a0ekov\u00fdchovn\u00fd pracovn\u00edk na Spr\u00e1ve CHKO Mal\u00e9 Karpaty a\u00a0spoluautor n\u00e1\u0161ho leporela <a href=\"https:\/\/daphne.sk\/wp-content\/uploads\/2023\/04\/Obojzivelniky_SK_web.pdf\">Oboj\u017eiveln\u00edky juhu z\u00e1padn\u00e9ho Slovenska<\/a><\/p>\n<p><strong>Workshop<\/strong>: Nebojte sa na\u0161ich plazov a\u00a0oboj\u017eiveln\u00edkov<\/p>\n<p><strong>Term\u00edn<\/strong>: Sobota 18.4.2026, 14.00-15.30 hod<\/p>\n<p><strong>Miesto<\/strong>: Centrum ekov\u00fdchovy Kamz\u00edk, Kamz\u00edkov vrch 12272, Bratislava<\/p>\n<p><strong>Vstupn\u00e9<\/strong>: 6 Eur\/osoba, vhodn\u00e9 pre deti od 7 rokov<\/p>\n<p><strong>Kontakt<\/strong>: <a href=\"mailto:kamzik@daphne.sk\">kamzik@daphne.sk<\/a><\/p>\n<p>&nbsp;<\/p>\n<p>Workshop sa realizuje v\u00a0spolupr\u00e1ci so Spr\u00e1vou CHKO Mal\u00e9 Karpaty.<\/p>\n","protected":false},"excerpt":{"rendered":"<p>Poz\u00fdvame v\u00e1s na predn\u00e1\u0161ku spojen\u00fa s workshopom\u00a0 - \u201eNebojte sa na\u0161ich plazov a oboj\u017eiveln\u00edkov \". Apr\u00edlov\u00fd workshop budeme op\u00e4\u0165 venova\u0165 n\u00e1dhern\u00fdm a\u00a0ohrozen\u00fdm \u017eivo\u010d\u00edchom, ktor\u00e9 m\u00f4\u017eeme v\u00a0lesoparku bez ob\u00e1v obdivova\u0165. Dozviete sa, ak\u00e9 druhy \u017eij\u00fa v\u00a0Mal\u00fdch Karpatoch, \u010d\u00edm sa \u017eivia, \u010do robia po\u010das roka. Dozviete sa ve\u013ea inform\u00e1ci\u00ed o ich \u017eivote, o tom, ak\u00e1 je ich<\/p>\n","protected":false},"featured_media":33879,"comment_status":"closed","ping_status":"closed","template":"","meta":{"_uag_custom_page_level_css":""},"product_brand":[],"product_cat":[177],"product_tag":[],"class_list":{"0":"post-33885","1":"product","2":"type-product","3":"status-publish","4":"has-post-thumbnail","6":"product_cat-workshop","8":"first","9":"outofstock","10":"virtual","11":"purchasable","12":"product-type-simple"},"uagb_featured_image_src":{"full":["https:\/\/daphne.sk\/wp-content\/uploads\/2024\/04\/Vilo1.jpg",900,600,false],"thumbnail":["https:\/\/daphne.sk\/wp-content\/uploads\/2024\/04\/Vilo1-150x150.jpg",150,150,true],"medium":["https:\/\/daphne.sk\/wp-content\/uploads\/2024\/04\/Vilo1-300x200.jpg",300,200,true],"medium_large":["https:\/\/daphne.sk\/wp-content\/uploads\/2024\/04\/Vilo1-768x512.jpg",768,512,true],"large":["https:\/\/daphne.sk\/wp-content\/uploads\/2024\/04\/Vilo1.jpg",900,600,false],"1536x1536":["https:\/\/daphne.sk\/wp-content\/uploads\/2024\/04\/Vilo1.jpg",900,600,false],"2048x2048":["https:\/\/daphne.sk\/wp-content\/uploads\/2024\/04\/Vilo1.jpg",900,600,false],"woocommerce_thumbnail":["https:\/\/daphne.sk\/wp-content\/uploads\/2024\/04\/Vilo1-450x450.jpg",450,450,true]},"uagb_author_info":{"display_name":"Raisa Gorobecova","author_link":"https:\/\/daphne.sk\/de\/author\/"},"uagb_comment_info":0,"uagb_excerpt":"Poz\u00fdvame v\u00e1s na predn\u00e1\u0161ku spojen\u00fa s workshopom\u00a0 - \u201eNebojte sa na\u0161ich plazov a oboj\u017eiveln\u00edkov \". Apr\u00edlov\u00fd workshop budeme op\u00e4\u0165 venova\u0165 n\u00e1dhern\u00fdm a\u00a0ohrozen\u00fdm \u017eivo\u010d\u00edchom, ktor\u00e9 m\u00f4\u017eeme v\u00a0lesoparku bez ob\u00e1v obdivova\u0165. Dozviete sa, ak\u00e9 druhy \u017eij\u00fa v\u00a0Mal\u00fdch Karpatoch, \u010d\u00edm sa \u017eivia, \u010do robia po\u010das roka. Dozviete sa ve\u013ea inform\u00e1ci\u00ed o ich \u017eivote, o tom, ak\u00e1 je ich","jetpack_sharing_enabled":true,"meta_box":[],"_links":{"self":[{"href":"https:\/\/daphne.sk\/de\/wp-json\/wp\/v2\/product\/33885","targetHints":{"allow":["GET"]}}],"collection":[{"href":"https:\/\/daphne.sk\/de\/wp-json\/wp\/v2\/product"}],"about":[{"href":"https:\/\/daphne.sk\/de\/wp-json\/wp\/v2\/types\/product"}],"replies":[{"embeddable":true,"href":"https:\/\/daphne.sk\/de\/wp-json\/wp\/v2\/comments?post=33885"}],"wp:featuredmedia":[{"embeddable":true,"href":"https:\/\/daphne.sk\/de\/wp-json\/wp\/v2\/media\/33879"}],"wp:attachment":[{"href":"https:\/\/daphne.sk\/de\/wp-json\/wp\/v2\/media?parent=33885"}],"wp:term":[{"taxonomy":"product_brand","embeddable":true,"href":"https:\/\/daphne.sk\/de\/wp-json\/wp\/v2\/product_brand?post=33885"},{"taxonomy":"product_cat","embeddable":true,"href":"https:\/\/daphne.sk\/de\/wp-json\/wp\/v2\/product_cat?post=33885"},{"taxonomy":"product_tag","embeddable":true,"href":"https:\/\/daphne.sk\/de\/wp-json\/wp\/v2\/product_tag?post=33885"}],"curies":[{"name":"wp","href":"https:\/\/api.w.org\/{rel}","templated":true}]}}